{"id":12,"date":"2025-02-06T05:21:07","date_gmt":"2025-02-06T05:21:07","guid":{"rendered":"https:\/\/www.method-post.com\/es\/?page_id=12"},"modified":"2026-01-20T02:25:00","modified_gmt":"2026-01-20T02:25:00","slug":"home","status":"publish","type":"page","link":"https:\/\/www.method-post.com\/es\/home\/","title":{"rendered":"Home"},"content":{"rendered":"\t\t<div data-elementor-type=\"wp-post\" data-elementor-id=\"12\" class=\"elementor elementor-12\">\n\t\t\t\t<div class=\"elementor-element elementor-element-a4c30a1 e-flex e-con-boxed e-con e-parent\" data-id=\"a4c30a1\" data-element_type=\"container\" id=\"homepage\">\n\t\t\t\t\t<div class=\"e-con-inner\">\n\t\t\t\t<div class=\"elementor-element elementor-element-2ddde8a elementor-widget elementor-widget-shortcode\" data-id=\"2ddde8a\" data-element_type=\"widget\" data-widget_type=\"shortcode.default\">\n\t\t\t\t<div class=\"elementor-widget-container\">\n\t\t\t\t\t\t\t<div class=\"elementor-shortcode\"><div class=\"pt-cv-wrapper\"><div class=\"pt-cv-view pt-cv-blockgrid iscvblock iscvhybrid list1 layout1\" id=\"pt-cv-view-e16dc76dy6\"><div data-id=\"pt-cv-page-1\" class=\"pt-cv-page\" data-cvc=\"1\"><div class=\" pt-cv-content-item pt-cv-2-col\" ><h4 class=\"pt-cv-title\"><a href=\"https:\/\/www.method-post.com\/es\/business-model-canvas-beginners-guide-validate-startup\/\" class=\"_self\" target=\"_self\" >El Canvas del Modelo de Negocio para Principiantes: Una Gu\u00eda Paso a Paso para Validar Tu Idea de Start-up<\/a><\/h4>\n<div class=\"pt-cv-content\">Lanzar una nueva empresa implica navegar incertidumbres. El plan de negocios tradicional, a menudo un documento de 50 p\u00e1ginas que ...<br \/><div class=\"pt-cv-rmwrap\"><a href=\"https:\/\/www.method-post.com\/es\/business-model-canvas-beginners-guide-validate-startup\/\" class=\"_self pt-cv-readmore btn btn-success\" target=\"_self\">Leer m\u00e1s<\/a><\/div><\/div><\/div>\n<div class=\" pt-cv-content-item pt-cv-2-col\" ><h4 class=\"pt-cv-title\"><a href=\"https:\/\/www.method-post.com\/es\/10-common-mistakes-founders-business-model-canvas\/\" class=\"_self\" target=\"_self\" >10 errores comunes que cometen los fundadores al completar el Canvas del Modelo de Negocio (y c\u00f3mo corregirlos)<\/a><\/h4>\n<div class=\"pt-cv-content\">El Canvas del Modelo de Negocio (BMC) es una plantilla de gesti\u00f3n estrat\u00e9gica utilizada para desarrollar nuevos modelos de negocio ...<br \/><div class=\"pt-cv-rmwrap\"><a href=\"https:\/\/www.method-post.com\/es\/10-common-mistakes-founders-business-model-canvas\/\" class=\"_self pt-cv-readmore btn btn-success\" target=\"_self\">Leer m\u00e1s<\/a><\/div><\/div><\/div>\n<div class=\" pt-cv-content-item pt-cv-2-col\" ><h4 class=\"pt-cv-title\"><a href=\"https:\/\/www.method-post.com\/es\/why-business-model-canvas-fails-debug-guide\/\" class=\"_self\" target=\"_self\" >\u00bfPor qu\u00e9 falla tu modelo de negocio Canvas y exactamente c\u00f3mo depurarlo: una gu\u00eda de resoluci\u00f3n de problemas<\/a><\/h4>\n<div class=\"pt-cv-content\">Crear un plan de negocios a menudo se confunde con predecir el futuro. El Canvas del Modelo de Negocio (BMC) ...<br \/><div class=\"pt-cv-rmwrap\"><a href=\"https:\/\/www.method-post.com\/es\/why-business-model-canvas-fails-debug-guide\/\" class=\"_self pt-cv-readmore btn btn-success\" target=\"_self\">Leer m\u00e1s<\/a><\/div><\/div><\/div>\n<div class=\" pt-cv-content-item pt-cv-2-col\" ><h4 class=\"pt-cv-title\"><a href=\"https:\/\/www.method-post.com\/es\/business-model-canvas-overview-guide\/\" class=\"_self\" target=\"_self\" >La visi\u00f3n definitiva del Canvas del Modelo de Negocio: Todo lo que necesitas saber antes de lanzar<\/a><\/h4>\n<div class=\"pt-cv-content\">La base de cualquier empresa sostenible reside en la claridad. Antes de que se construya un solo producto o se ...<br \/><div class=\"pt-cv-rmwrap\"><a href=\"https:\/\/www.method-post.com\/es\/business-model-canvas-overview-guide\/\" class=\"_self pt-cv-readmore btn btn-success\" target=\"_self\">Leer m\u00e1s<\/a><\/div><\/div><\/div>\n<div class=\" pt-cv-content-item pt-cv-2-col\" ><h4 class=\"pt-cv-title\"><a href=\"https:\/\/www.method-post.com\/es\/myth-busting-revenue-models-business-model-canvas\/\" class=\"_self\" target=\"_self\" >Desmitificando los modelos de ingresos: Explicaci\u00f3n de los mitos comunes sobre el Modelo de Canvas de Negocios<\/a><\/h4>\n<div class=\"pt-cv-content\">Dise\u00f1ar un negocio sostenible requiere m\u00e1s que simplemente un gran producto. Exige una comprensi\u00f3n clara de c\u00f3mo el valor se ...<br \/><div class=\"pt-cv-rmwrap\"><a href=\"https:\/\/www.method-post.com\/es\/myth-busting-revenue-models-business-model-canvas\/\" class=\"_self pt-cv-readmore btn btn-success\" target=\"_self\">Leer m\u00e1s<\/a><\/div><\/div><\/div><\/div><\/div>\n<div class=\" pt-cv-pagination-wrapper\"><ul class=\"pt-cv-pagination pt-cv-ajax pagination\" data-totalpages=\"2\" data-currentpage=\"1\" data-sid=\"e16dc76dy6\" data-unid=\"\" data-isblock=\"\" data-postid=\"\"><li class=\"active\"><a href=\"#\">1<\/a><\/li>\n\t<li ><a class=\"\" href=\"https:\/\/www.method-post.com\/es\/wp-json\/wp\/v2\/pages\/12\/?_page=2\">2<\/a><\/li>\n\t<li ><a class=\" \" href=\"https:\/\/www.method-post.com\/es\/wp-json\/wp\/v2\/pages\/12\/?_page=2\">&rsaquo;<\/a><\/li>\n\t<\/ul><img decoding=\"async\" width=\"15\" height=\"15\" class=\"pt-cv-spinner\" alt=\"Cargando...\" src=\"data:image\/gif;base64,R0lGODlhDwAPALMPAMrKygwMDJOTkz09PZWVla+vr3p6euTk5M7OzuXl5TMzMwAAAJmZmWZmZszMzP\/\/\/yH\/C05FVFNDQVBFMi4wAwEAAAAh+QQFCgAPACwAAAAADwAPAAAEQvDJaZaZOIcV8iQK8VRX4iTYoAwZ4iCYoAjZ4RxejhVNoT+mRGP4cyF4Pp0N98sBGIBMEMOotl6YZ3S61Bmbkm4mAgAh+QQFCgAPACwAAAAADQANAAAENPDJSRSZeA418itN8QiK8BiLITVsFiyBBIoYqnoewAD4xPw9iY4XLGYSjkQR4UAUD45DLwIAIfkEBQoADwAsAAAAAA8ACQAABC\/wyVlamTi3nSdgwFNdhEJgTJoNyoB9ISYoQmdjiZPcj7EYCAeCF1gEDo4Dz2eIAAAh+QQFCgAPACwCAAAADQANAAAEM\/DJBxiYeLKdX3IJZT1FU0iIg2RNKx3OkZVnZ98ToRD4MyiDnkAh6BkNC0MvsAj0kMpHBAAh+QQFCgAPACwGAAAACQAPAAAEMDC59KpFDll73HkAA2wVY5KgiK5b0RRoI6MuzG6EQqCDMlSGheEhUAgqgUUAFRySIgAh+QQFCgAPACwCAAIADQANAAAEM\/DJKZNLND\/kkKaHc3xk+QAMYDKsiaqmZCxGVjSFFCxB1vwy2oOgIDxuucxAMTAJFAJNBAAh+QQFCgAPACwAAAYADwAJAAAEMNAs86q1yaWwwv2Ig0jUZx3OYa4XoRAfwADXoAwfo1+CIjyFRuEho60aSNYlOPxEAAAh+QQFCgAPACwAAAIADQANAAAENPA9s4y8+IUVcqaWJ4qEQozSoAzoIyhCK2NFU2SJk0hNnyEOhKR2AzAAj4Pj4GE4W0bkJQIAOw==\" \/><div class=\"clear pt-cv-clear-pagination\"><\/div><\/div><\/div>\t\t\t<style type=\"text\/css\" id=\"pt-cv-inline-style-df29743dfy\">\n#pt-cv-view-e16dc76dy6 .pt-cv-thumb-wrapper:not(.miniwrap) { width: 20%; }#pt-cv-view-e16dc76dy6 .pt-cv-thumbnail:not(.pt-cv-thumbnailsm) { height: 100%; }#pt-cv-view-e16dc76dy6 > .pt-cv-page {grid-template-columns: repeat(1, 1fr);grid-gap: 15px;}\n@media all and (max-width: 1024px) { \n#pt-cv-view-e16dc76dy6 > .pt-cv-page {grid-template-columns: repeat(1, 1fr);}\n} \n@media all and (max-width: 767px) { \n#pt-cv-view-e16dc76dy6 > .pt-cv-page {grid-template-columns: repeat(1, 1fr);}\n} <\/style>\r\n\t\t\t<\/div>\n\t\t\t\t\t\t<\/div>\n\t\t\t\t<\/div>\n\t\t\t\t\t<\/div>\n\t\t\t\t<\/div>\n\t\t\t\t<\/div>\n\t\t","protected":false},"excerpt":{"rendered":"","protected":false},"author":1,"featured_media":0,"parent":0,"menu_order":0,"comment_status":"closed","ping_status":"closed","template":"","meta":{"_yoast_wpseo_title":"AI IT News, How-To Guides & Learning | %%sitename%%","_yoast_wpseo_metadesc":"Follow AI-focused IT news, practical guides, tutorials, and tech knowledge on %%sitename%%","footnotes":""},"class_list":["post-12","page","type-page","status-publish","hentry"],"yoast_head":"<!-- This site is optimized with the Yoast SEO plugin v27.1.1 - https:\/\/yoast.com\/product\/yoast-seo-wordpress\/ -->\n<title>AI IT News, How-To Guides &amp; Learning | Method Post Spanish | Your Daily Guide to AI &amp; Software Solutions<\/title>\n<meta name=\"description\" content=\"Follow AI-focused IT news, practical guides, tutorials, and tech knowledge on Method Post Spanish | Your Daily Guide to AI &amp; Software Solutions\" \/>\n<meta name=\"robots\" content=\"index, follow, max-snippet:-1, max-image-preview:large, max-video-preview:-1\" \/>\n<link rel=\"canonical\" href=\"https:\/\/www.method-post.com\/es\/\" \/>\n<meta property=\"og:locale\" content=\"es_ES\" \/>\n<meta property=\"og:type\" content=\"article\" \/>\n<meta property=\"og:title\" content=\"AI IT News, How-To Guides &amp; Learning | Method Post Spanish | Your Daily Guide to AI &amp; Software Solutions\" \/>\n<meta property=\"og:description\" content=\"Follow AI-focused IT news, practical guides, tutorials, and tech knowledge on Method Post Spanish | Your Daily Guide to AI &amp; Software Solutions\" \/>\n<meta property=\"og:url\" content=\"https:\/\/www.method-post.com\/es\/\" \/>\n<meta property=\"og:site_name\" content=\"Method Post Spanish | Your Daily Guide to AI &amp; Software Solutions\" \/>\n<meta property=\"article:modified_time\" content=\"2026-01-20T02:25:00+00:00\" \/>\n<meta name=\"twitter:card\" content=\"summary_large_image\" \/>\n<meta name=\"twitter:label1\" content=\"Tiempo de lectura\" \/>\n\t<meta name=\"twitter:data1\" content=\"1 minuto\" \/>\n<script type=\"application\/ld+json\" class=\"yoast-schema-graph\">{\"@context\":\"https:\/\/schema.org\",\"@graph\":[{\"@type\":\"WebPage\",\"@id\":\"https:\/\/www.method-post.com\/es\/\",\"url\":\"https:\/\/www.method-post.com\/es\/\",\"name\":\"AI IT News, How-To Guides & Learning | Method Post Spanish | Your Daily Guide to AI &amp; Software Solutions\",\"isPartOf\":{\"@id\":\"https:\/\/www.method-post.com\/es\/#website\"},\"datePublished\":\"2025-02-06T05:21:07+00:00\",\"dateModified\":\"2026-01-20T02:25:00+00:00\",\"description\":\"Follow AI-focused IT news, practical guides, tutorials, and tech knowledge on Method Post Spanish | Your Daily Guide to AI &amp; Software Solutions\",\"breadcrumb\":{\"@id\":\"https:\/\/www.method-post.com\/es\/#breadcrumb\"},\"inLanguage\":\"es\",\"potentialAction\":[{\"@type\":\"ReadAction\",\"target\":[\"https:\/\/www.method-post.com\/es\/\"]}]},{\"@type\":\"BreadcrumbList\",\"@id\":\"https:\/\/www.method-post.com\/es\/#breadcrumb\",\"itemListElement\":[{\"@type\":\"ListItem\",\"position\":1,\"name\":\"Home\",\"item\":\"https:\/\/www.method-post.com\/es\/\"},{\"@type\":\"ListItem\",\"position\":2,\"name\":\"Home\"}]},{\"@type\":\"WebSite\",\"@id\":\"https:\/\/www.method-post.com\/es\/#website\",\"url\":\"https:\/\/www.method-post.com\/es\/\",\"name\":\"Method Post Spanish | Your Daily Guide to AI &amp; Software Solutions\",\"description\":\"\",\"publisher\":{\"@id\":\"https:\/\/www.method-post.com\/es\/#organization\"},\"potentialAction\":[{\"@type\":\"SearchAction\",\"target\":{\"@type\":\"EntryPoint\",\"urlTemplate\":\"https:\/\/www.method-post.com\/es\/?s={search_term_string}\"},\"query-input\":{\"@type\":\"PropertyValueSpecification\",\"valueRequired\":true,\"valueName\":\"search_term_string\"}}],\"inLanguage\":\"es\"},{\"@type\":\"Organization\",\"@id\":\"https:\/\/www.method-post.com\/es\/#organization\",\"name\":\"Method Post Spanish | Your Daily Guide to AI &amp; Software Solutions\",\"url\":\"https:\/\/www.method-post.com\/es\/\",\"logo\":{\"@type\":\"ImageObject\",\"inLanguage\":\"es\",\"@id\":\"https:\/\/www.method-post.com\/es\/#\/schema\/logo\/image\/\",\"url\":\"https:\/\/www.method-post.com\/es\/wp-content\/uploads\/sites\/5\/2025\/02\/logo-big.png\",\"contentUrl\":\"https:\/\/www.method-post.com\/es\/wp-content\/uploads\/sites\/5\/2025\/02\/logo-big.png\",\"width\":117,\"height\":71,\"caption\":\"Method Post Spanish | Your Daily Guide to AI &amp; Software Solutions\"},\"image\":{\"@id\":\"https:\/\/www.method-post.com\/es\/#\/schema\/logo\/image\/\"}}]}<\/script>\n<!-- \/ Yoast SEO plugin. -->","yoast_head_json":{"title":"AI IT News, How-To Guides & Learning | Method Post Spanish | Your Daily Guide to AI &amp; Software Solutions","description":"Follow AI-focused IT news, practical guides, tutorials, and tech knowledge on Method Post Spanish | Your Daily Guide to AI &amp; Software Solutions","robots":{"index":"index","follow":"follow","max-snippet":"max-snippet:-1","max-image-preview":"max-image-preview:large","max-video-preview":"max-video-preview:-1"},"canonical":"https:\/\/www.method-post.com\/es\/","og_locale":"es_ES","og_type":"article","og_title":"AI IT News, How-To Guides & Learning | Method Post Spanish | Your Daily Guide to AI &amp; Software Solutions","og_description":"Follow AI-focused IT news, practical guides, tutorials, and tech knowledge on Method Post Spanish | Your Daily Guide to AI &amp; Software Solutions","og_url":"https:\/\/www.method-post.com\/es\/","og_site_name":"Method Post Spanish | Your Daily Guide to AI &amp; Software Solutions","article_modified_time":"2026-01-20T02:25:00+00:00","twitter_card":"summary_large_image","twitter_misc":{"Tiempo de lectura":"1 minuto"},"schema":{"@context":"https:\/\/schema.org","@graph":[{"@type":"WebPage","@id":"https:\/\/www.method-post.com\/es\/","url":"https:\/\/www.method-post.com\/es\/","name":"AI IT News, How-To Guides & Learning | Method Post Spanish | Your Daily Guide to AI &amp; Software Solutions","isPartOf":{"@id":"https:\/\/www.method-post.com\/es\/#website"},"datePublished":"2025-02-06T05:21:07+00:00","dateModified":"2026-01-20T02:25:00+00:00","description":"Follow AI-focused IT news, practical guides, tutorials, and tech knowledge on Method Post Spanish | Your Daily Guide to AI &amp; Software Solutions","breadcrumb":{"@id":"https:\/\/www.method-post.com\/es\/#breadcrumb"},"inLanguage":"es","potentialAction":[{"@type":"ReadAction","target":["https:\/\/www.method-post.com\/es\/"]}]},{"@type":"BreadcrumbList","@id":"https:\/\/www.method-post.com\/es\/#breadcrumb","itemListElement":[{"@type":"ListItem","position":1,"name":"Home","item":"https:\/\/www.method-post.com\/es\/"},{"@type":"ListItem","position":2,"name":"Home"}]},{"@type":"WebSite","@id":"https:\/\/www.method-post.com\/es\/#website","url":"https:\/\/www.method-post.com\/es\/","name":"Method Post Spanish | Your Daily Guide to AI &amp; Software Solutions","description":"","publisher":{"@id":"https:\/\/www.method-post.com\/es\/#organization"},"potentialAction":[{"@type":"SearchAction","target":{"@type":"EntryPoint","urlTemplate":"https:\/\/www.method-post.com\/es\/?s={search_term_string}"},"query-input":{"@type":"PropertyValueSpecification","valueRequired":true,"valueName":"search_term_string"}}],"inLanguage":"es"},{"@type":"Organization","@id":"https:\/\/www.method-post.com\/es\/#organization","name":"Method Post Spanish | Your Daily Guide to AI &amp; Software Solutions","url":"https:\/\/www.method-post.com\/es\/","logo":{"@type":"ImageObject","inLanguage":"es","@id":"https:\/\/www.method-post.com\/es\/#\/schema\/logo\/image\/","url":"https:\/\/www.method-post.com\/es\/wp-content\/uploads\/sites\/5\/2025\/02\/logo-big.png","contentUrl":"https:\/\/www.method-post.com\/es\/wp-content\/uploads\/sites\/5\/2025\/02\/logo-big.png","width":117,"height":71,"caption":"Method Post Spanish | Your Daily Guide to AI &amp; Software Solutions"},"image":{"@id":"https:\/\/www.method-post.com\/es\/#\/schema\/logo\/image\/"}}]}},"_links":{"self":[{"href":"https:\/\/www.method-post.com\/es\/wp-json\/wp\/v2\/pages\/12","targetHints":{"allow":["GET"]}}],"collection":[{"href":"https:\/\/www.method-post.com\/es\/wp-json\/wp\/v2\/pages"}],"about":[{"href":"https:\/\/www.method-post.com\/es\/wp-json\/wp\/v2\/types\/page"}],"author":[{"embeddable":true,"href":"https:\/\/www.method-post.com\/es\/wp-json\/wp\/v2\/users\/1"}],"replies":[{"embeddable":true,"href":"https:\/\/www.method-post.com\/es\/wp-json\/wp\/v2\/comments?post=12"}],"version-history":[{"count":7,"href":"https:\/\/www.method-post.com\/es\/wp-json\/wp\/v2\/pages\/12\/revisions"}],"predecessor-version":[{"id":45,"href":"https:\/\/www.method-post.com\/es\/wp-json\/wp\/v2\/pages\/12\/revisions\/45"}],"wp:attachment":[{"href":"https:\/\/www.method-post.com\/es\/wp-json\/wp\/v2\/media?parent=12"}],"curies":[{"name":"wp","href":"https:\/\/api.w.org\/{rel}","templated":true}]}}