{"id":12,"date":"2025-02-06T05:21:07","date_gmt":"2025-02-06T05:21:07","guid":{"rendered":"https:\/\/www.method-post.com\/fr\/?page_id=12"},"modified":"2026-01-20T02:25:00","modified_gmt":"2026-01-20T02:25:00","slug":"home","status":"publish","type":"page","link":"https:\/\/www.method-post.com\/fr\/home\/","title":{"rendered":"Home"},"content":{"rendered":"\t\t<div data-elementor-type=\"wp-post\" data-elementor-id=\"12\" class=\"elementor elementor-12\">\n\t\t\t\t<div class=\"elementor-element elementor-element-a4c30a1 e-flex e-con-boxed e-con e-parent\" data-id=\"a4c30a1\" data-element_type=\"container\" id=\"homepage\">\n\t\t\t\t\t<div class=\"e-con-inner\">\n\t\t\t\t<div class=\"elementor-element elementor-element-2ddde8a elementor-widget elementor-widget-shortcode\" data-id=\"2ddde8a\" data-element_type=\"widget\" data-widget_type=\"shortcode.default\">\n\t\t\t\t<div class=\"elementor-widget-container\">\n\t\t\t\t\t\t\t<div class=\"elementor-shortcode\"><div class=\"pt-cv-wrapper\"><div class=\"pt-cv-view pt-cv-blockgrid iscvblock iscvhybrid list1 layout1\" id=\"pt-cv-view-e16dc76dy6\"><div data-id=\"pt-cv-page-1\" class=\"pt-cv-page\" data-cvc=\"1\"><div class=\" pt-cv-content-item pt-cv-2-col\" ><h4 class=\"pt-cv-title\"><a href=\"https:\/\/www.method-post.com\/fr\/business-model-canvas-beginners-guide-validate-startup\/\" class=\"_self\" target=\"_self\" >Le Business Model Canvas pour les d\u00e9butants : un tutoriel \u00e9tape par \u00e9tape pour valider votre id\u00e9e de startup<\/a><\/h4>\n<div class=\"pt-cv-content\">Lancer une nouvelle entreprise implique de naviguer dans l'incertitude. Le plan d'affaires traditionnel, souvent un document de 50 pages qui ...<br \/><div class=\"pt-cv-rmwrap\"><a href=\"https:\/\/www.method-post.com\/fr\/business-model-canvas-beginners-guide-validate-startup\/\" class=\"_self pt-cv-readmore btn btn-success\" target=\"_self\">Lire la suite<\/a><\/div><\/div><\/div>\n<div class=\" pt-cv-content-item pt-cv-2-col\" ><h4 class=\"pt-cv-title\"><a href=\"https:\/\/www.method-post.com\/fr\/10-common-mistakes-founders-business-model-canvas\/\" class=\"_self\" target=\"_self\" >10 erreurs courantes commises par les fondateurs lors de la remplissage du Business Model Canvas (et comment les corriger)<\/a><\/h4>\n<div class=\"pt-cv-content\">Le Business Model Canvas (BMC) est un mod\u00e8le de gestion strat\u00e9gique utilis\u00e9 pour d\u00e9velopper de nouveaux mod\u00e8les d'entreprise ou documenter ...<br \/><div class=\"pt-cv-rmwrap\"><a href=\"https:\/\/www.method-post.com\/fr\/10-common-mistakes-founders-business-model-canvas\/\" class=\"_self pt-cv-readmore btn btn-success\" target=\"_self\">Lire la suite<\/a><\/div><\/div><\/div>\n<div class=\" pt-cv-content-item pt-cv-2-col\" ><h4 class=\"pt-cv-title\"><a href=\"https:\/\/www.method-post.com\/fr\/why-business-model-canvas-fails-debug-guide\/\" class=\"_self\" target=\"_self\" >Pourquoi votre canevas de mod\u00e8le d&#8217;affaires \u00e9choue et exactement comment le d\u00e9boguer : un manuel de r\u00e9solution de probl\u00e8mes<\/a><\/h4>\n<div class=\"pt-cv-content\">Cr\u00e9er un plan d'affaires est souvent mal compris comme une pr\u00e9diction de l'avenir. Le canevas de mod\u00e8le d'affaires (BMC) est ...<br \/><div class=\"pt-cv-rmwrap\"><a href=\"https:\/\/www.method-post.com\/fr\/why-business-model-canvas-fails-debug-guide\/\" class=\"_self pt-cv-readmore btn btn-success\" target=\"_self\">Lire la suite<\/a><\/div><\/div><\/div>\n<div class=\" pt-cv-content-item pt-cv-2-col\" ><h4 class=\"pt-cv-title\"><a href=\"https:\/\/www.method-post.com\/fr\/business-model-canvas-overview-guide\/\" class=\"_self\" target=\"_self\" >L&#8217;aper\u00e7u d\u00e9finitif du Business Model Canvas : tout ce que vous devez savoir avant le lancement<\/a><\/h4>\n<div class=\"pt-cv-content\">La fondation de toute entreprise durable repose sur la clart\u00e9. Avant qu'un seul produit ne soit construit ou un service ...<br \/><div class=\"pt-cv-rmwrap\"><a href=\"https:\/\/www.method-post.com\/fr\/business-model-canvas-overview-guide\/\" class=\"_self pt-cv-readmore btn btn-success\" target=\"_self\">Lire la suite<\/a><\/div><\/div><\/div>\n<div class=\" pt-cv-content-item pt-cv-2-col\" ><h4 class=\"pt-cv-title\"><a href=\"https:\/\/www.method-post.com\/fr\/myth-busting-revenue-models-business-model-canvas\/\" class=\"_self\" target=\"_self\" >D\u00e9bunking les mod\u00e8les de revenus : les id\u00e9es re\u00e7ues courantes sur le Business Model Canvas expliqu\u00e9es<\/a><\/h4>\n<div class=\"pt-cv-content\">Concevoir une entreprise durable exige plus qu\u2019un simple produit de qualit\u00e9. Il demande une compr\u00e9hension claire de la mani\u00e8re dont ...<br \/><div class=\"pt-cv-rmwrap\"><a href=\"https:\/\/www.method-post.com\/fr\/myth-busting-revenue-models-business-model-canvas\/\" class=\"_self pt-cv-readmore btn btn-success\" target=\"_self\">Lire la suite<\/a><\/div><\/div><\/div><\/div><\/div>\n<div class=\" pt-cv-pagination-wrapper\"><ul class=\"pt-cv-pagination pt-cv-ajax pagination\" data-totalpages=\"2\" data-currentpage=\"1\" data-sid=\"e16dc76dy6\" data-unid=\"\" data-isblock=\"\" data-postid=\"\"><li class=\"active\"><a href=\"#\">1<\/a><\/li>\n\t<li ><a class=\"\" href=\"https:\/\/www.method-post.com\/fr\/wp-json\/wp\/v2\/pages\/12\/?_page=2\">2<\/a><\/li>\n\t<li ><a class=\" \" href=\"https:\/\/www.method-post.com\/fr\/wp-json\/wp\/v2\/pages\/12\/?_page=2\">&rsaquo;<\/a><\/li>\n\t<\/ul><img decoding=\"async\" width=\"15\" height=\"15\" class=\"pt-cv-spinner\" alt=\"Chargement\u2026\" src=\"data:image\/gif;base64,R0lGODlhDwAPALMPAMrKygwMDJOTkz09PZWVla+vr3p6euTk5M7OzuXl5TMzMwAAAJmZmWZmZszMzP\/\/\/yH\/C05FVFNDQVBFMi4wAwEAAAAh+QQFCgAPACwAAAAADwAPAAAEQvDJaZaZOIcV8iQK8VRX4iTYoAwZ4iCYoAjZ4RxejhVNoT+mRGP4cyF4Pp0N98sBGIBMEMOotl6YZ3S61Bmbkm4mAgAh+QQFCgAPACwAAAAADQANAAAENPDJSRSZeA418itN8QiK8BiLITVsFiyBBIoYqnoewAD4xPw9iY4XLGYSjkQR4UAUD45DLwIAIfkEBQoADwAsAAAAAA8ACQAABC\/wyVlamTi3nSdgwFNdhEJgTJoNyoB9ISYoQmdjiZPcj7EYCAeCF1gEDo4Dz2eIAAAh+QQFCgAPACwCAAAADQANAAAEM\/DJBxiYeLKdX3IJZT1FU0iIg2RNKx3OkZVnZ98ToRD4MyiDnkAh6BkNC0MvsAj0kMpHBAAh+QQFCgAPACwGAAAACQAPAAAEMDC59KpFDll73HkAA2wVY5KgiK5b0RRoI6MuzG6EQqCDMlSGheEhUAgqgUUAFRySIgAh+QQFCgAPACwCAAIADQANAAAEM\/DJKZNLND\/kkKaHc3xk+QAMYDKsiaqmZCxGVjSFFCxB1vwy2oOgIDxuucxAMTAJFAJNBAAh+QQFCgAPACwAAAYADwAJAAAEMNAs86q1yaWwwv2Ig0jUZx3OYa4XoRAfwADXoAwfo1+CIjyFRuEho60aSNYlOPxEAAAh+QQFCgAPACwAAAIADQANAAAENPA9s4y8+IUVcqaWJ4qEQozSoAzoIyhCK2NFU2SJk0hNnyEOhKR2AzAAj4Pj4GE4W0bkJQIAOw==\" \/><div class=\"clear pt-cv-clear-pagination\"><\/div><\/div><\/div>\t\t\t<style type=\"text\/css\" id=\"pt-cv-inline-style-5d45dfb7p9\">\n#pt-cv-view-e16dc76dy6 .pt-cv-thumb-wrapper:not(.miniwrap) { width: 20%; }#pt-cv-view-e16dc76dy6 .pt-cv-thumbnail:not(.pt-cv-thumbnailsm) { height: 100%; }#pt-cv-view-e16dc76dy6 > .pt-cv-page {grid-template-columns: repeat(1, 1fr);grid-gap: 15px;}\n@media all and (max-width: 1024px) { \n#pt-cv-view-e16dc76dy6 > .pt-cv-page {grid-template-columns: repeat(1, 1fr);}\n} \n@media all and (max-width: 767px) { \n#pt-cv-view-e16dc76dy6 > .pt-cv-page {grid-template-columns: repeat(1, 1fr);}\n} <\/style>\r\n\t\t\t<\/div>\n\t\t\t\t\t\t<\/div>\n\t\t\t\t<\/div>\n\t\t\t\t\t<\/div>\n\t\t\t\t<\/div>\n\t\t\t\t<\/div>\n\t\t","protected":false},"excerpt":{"rendered":"","protected":false},"author":1,"featured_media":0,"parent":0,"menu_order":0,"comment_status":"closed","ping_status":"closed","template":"","meta":{"_yoast_wpseo_title":"AI IT News, How-To Guides & Learning | %%sitename%%","_yoast_wpseo_metadesc":"Follow AI-focused IT news, practical guides, tutorials, and tech knowledge on %%sitename%%","footnotes":""},"class_list":["post-12","page","type-page","status-publish","hentry"],"yoast_head":"<!-- This site is optimized with the Yoast SEO plugin v27.1.1 - https:\/\/yoast.com\/product\/yoast-seo-wordpress\/ -->\n<title>AI IT News, How-To Guides &amp; Learning | Method Post French | Your Daily Guide to AI &amp; Software Solutions<\/title>\n<meta name=\"description\" content=\"Follow AI-focused IT news, practical guides, tutorials, and tech knowledge on Method Post French | Your Daily Guide to AI &amp; Software Solutions\" \/>\n<meta name=\"robots\" content=\"index, follow, max-snippet:-1, max-image-preview:large, max-video-preview:-1\" \/>\n<link rel=\"canonical\" href=\"https:\/\/www.method-post.com\/fr\/\" \/>\n<meta property=\"og:locale\" content=\"fr_FR\" \/>\n<meta property=\"og:type\" content=\"article\" \/>\n<meta property=\"og:title\" content=\"AI IT News, How-To Guides &amp; Learning | Method Post French | Your Daily Guide to AI &amp; Software Solutions\" \/>\n<meta property=\"og:description\" content=\"Follow AI-focused IT news, practical guides, tutorials, and tech knowledge on Method Post French | Your Daily Guide to AI &amp; Software Solutions\" \/>\n<meta property=\"og:url\" content=\"https:\/\/www.method-post.com\/fr\/\" \/>\n<meta property=\"og:site_name\" content=\"Method Post French | Your Daily Guide to AI &amp; Software Solutions\" \/>\n<meta property=\"article:modified_time\" content=\"2026-01-20T02:25:00+00:00\" \/>\n<meta name=\"twitter:card\" content=\"summary_large_image\" \/>\n<meta name=\"twitter:label1\" content=\"Dur\u00e9e de lecture estim\u00e9e\" \/>\n\t<meta name=\"twitter:data1\" content=\"1 minute\" \/>\n<script type=\"application\/ld+json\" class=\"yoast-schema-graph\">{\"@context\":\"https:\/\/schema.org\",\"@graph\":[{\"@type\":\"WebPage\",\"@id\":\"https:\/\/www.method-post.com\/fr\/\",\"url\":\"https:\/\/www.method-post.com\/fr\/\",\"name\":\"AI IT News, How-To Guides & Learning | Method Post French | Your Daily Guide to AI &amp; Software Solutions\",\"isPartOf\":{\"@id\":\"https:\/\/www.method-post.com\/fr\/#website\"},\"datePublished\":\"2025-02-06T05:21:07+00:00\",\"dateModified\":\"2026-01-20T02:25:00+00:00\",\"description\":\"Follow AI-focused IT news, practical guides, tutorials, and tech knowledge on Method Post French | Your Daily Guide to AI &amp; Software Solutions\",\"breadcrumb\":{\"@id\":\"https:\/\/www.method-post.com\/fr\/#breadcrumb\"},\"inLanguage\":\"fr-FR\",\"potentialAction\":[{\"@type\":\"ReadAction\",\"target\":[\"https:\/\/www.method-post.com\/fr\/\"]}]},{\"@type\":\"BreadcrumbList\",\"@id\":\"https:\/\/www.method-post.com\/fr\/#breadcrumb\",\"itemListElement\":[{\"@type\":\"ListItem\",\"position\":1,\"name\":\"Home\",\"item\":\"https:\/\/www.method-post.com\/fr\/\"},{\"@type\":\"ListItem\",\"position\":2,\"name\":\"Home\"}]},{\"@type\":\"WebSite\",\"@id\":\"https:\/\/www.method-post.com\/fr\/#website\",\"url\":\"https:\/\/www.method-post.com\/fr\/\",\"name\":\"Method Post French | Your Daily Guide to AI &amp; Software Solutions\",\"description\":\"\",\"publisher\":{\"@id\":\"https:\/\/www.method-post.com\/fr\/#organization\"},\"potentialAction\":[{\"@type\":\"SearchAction\",\"target\":{\"@type\":\"EntryPoint\",\"urlTemplate\":\"https:\/\/www.method-post.com\/fr\/?s={search_term_string}\"},\"query-input\":{\"@type\":\"PropertyValueSpecification\",\"valueRequired\":true,\"valueName\":\"search_term_string\"}}],\"inLanguage\":\"fr-FR\"},{\"@type\":\"Organization\",\"@id\":\"https:\/\/www.method-post.com\/fr\/#organization\",\"name\":\"Method Post French | Your Daily Guide to AI &amp; Software Solutions\",\"url\":\"https:\/\/www.method-post.com\/fr\/\",\"logo\":{\"@type\":\"ImageObject\",\"inLanguage\":\"fr-FR\",\"@id\":\"https:\/\/www.method-post.com\/fr\/#\/schema\/logo\/image\/\",\"url\":\"https:\/\/www.method-post.com\/fr\/wp-content\/uploads\/sites\/6\/2025\/02\/logo-big.png\",\"contentUrl\":\"https:\/\/www.method-post.com\/fr\/wp-content\/uploads\/sites\/6\/2025\/02\/logo-big.png\",\"width\":117,\"height\":71,\"caption\":\"Method Post French | Your Daily Guide to AI &amp; Software Solutions\"},\"image\":{\"@id\":\"https:\/\/www.method-post.com\/fr\/#\/schema\/logo\/image\/\"}}]}<\/script>\n<!-- \/ Yoast SEO plugin. -->","yoast_head_json":{"title":"AI IT News, How-To Guides & Learning | Method Post French | Your Daily Guide to AI &amp; Software Solutions","description":"Follow AI-focused IT news, practical guides, tutorials, and tech knowledge on Method Post French | Your Daily Guide to AI &amp; Software Solutions","robots":{"index":"index","follow":"follow","max-snippet":"max-snippet:-1","max-image-preview":"max-image-preview:large","max-video-preview":"max-video-preview:-1"},"canonical":"https:\/\/www.method-post.com\/fr\/","og_locale":"fr_FR","og_type":"article","og_title":"AI IT News, How-To Guides & Learning | Method Post French | Your Daily Guide to AI &amp; Software Solutions","og_description":"Follow AI-focused IT news, practical guides, tutorials, and tech knowledge on Method Post French | Your Daily Guide to AI &amp; Software Solutions","og_url":"https:\/\/www.method-post.com\/fr\/","og_site_name":"Method Post French | Your Daily Guide to AI &amp; Software Solutions","article_modified_time":"2026-01-20T02:25:00+00:00","twitter_card":"summary_large_image","twitter_misc":{"Dur\u00e9e de lecture estim\u00e9e":"1 minute"},"schema":{"@context":"https:\/\/schema.org","@graph":[{"@type":"WebPage","@id":"https:\/\/www.method-post.com\/fr\/","url":"https:\/\/www.method-post.com\/fr\/","name":"AI IT News, How-To Guides & Learning | Method Post French | Your Daily Guide to AI &amp; Software Solutions","isPartOf":{"@id":"https:\/\/www.method-post.com\/fr\/#website"},"datePublished":"2025-02-06T05:21:07+00:00","dateModified":"2026-01-20T02:25:00+00:00","description":"Follow AI-focused IT news, practical guides, tutorials, and tech knowledge on Method Post French | Your Daily Guide to AI &amp; Software Solutions","breadcrumb":{"@id":"https:\/\/www.method-post.com\/fr\/#breadcrumb"},"inLanguage":"fr-FR","potentialAction":[{"@type":"ReadAction","target":["https:\/\/www.method-post.com\/fr\/"]}]},{"@type":"BreadcrumbList","@id":"https:\/\/www.method-post.com\/fr\/#breadcrumb","itemListElement":[{"@type":"ListItem","position":1,"name":"Home","item":"https:\/\/www.method-post.com\/fr\/"},{"@type":"ListItem","position":2,"name":"Home"}]},{"@type":"WebSite","@id":"https:\/\/www.method-post.com\/fr\/#website","url":"https:\/\/www.method-post.com\/fr\/","name":"Method Post French | Your Daily Guide to AI &amp; Software Solutions","description":"","publisher":{"@id":"https:\/\/www.method-post.com\/fr\/#organization"},"potentialAction":[{"@type":"SearchAction","target":{"@type":"EntryPoint","urlTemplate":"https:\/\/www.method-post.com\/fr\/?s={search_term_string}"},"query-input":{"@type":"PropertyValueSpecification","valueRequired":true,"valueName":"search_term_string"}}],"inLanguage":"fr-FR"},{"@type":"Organization","@id":"https:\/\/www.method-post.com\/fr\/#organization","name":"Method Post French | Your Daily Guide to AI &amp; Software Solutions","url":"https:\/\/www.method-post.com\/fr\/","logo":{"@type":"ImageObject","inLanguage":"fr-FR","@id":"https:\/\/www.method-post.com\/fr\/#\/schema\/logo\/image\/","url":"https:\/\/www.method-post.com\/fr\/wp-content\/uploads\/sites\/6\/2025\/02\/logo-big.png","contentUrl":"https:\/\/www.method-post.com\/fr\/wp-content\/uploads\/sites\/6\/2025\/02\/logo-big.png","width":117,"height":71,"caption":"Method Post French | Your Daily Guide to AI &amp; Software Solutions"},"image":{"@id":"https:\/\/www.method-post.com\/fr\/#\/schema\/logo\/image\/"}}]}},"_links":{"self":[{"href":"https:\/\/www.method-post.com\/fr\/wp-json\/wp\/v2\/pages\/12","targetHints":{"allow":["GET"]}}],"collection":[{"href":"https:\/\/www.method-post.com\/fr\/wp-json\/wp\/v2\/pages"}],"about":[{"href":"https:\/\/www.method-post.com\/fr\/wp-json\/wp\/v2\/types\/page"}],"author":[{"embeddable":true,"href":"https:\/\/www.method-post.com\/fr\/wp-json\/wp\/v2\/users\/1"}],"replies":[{"embeddable":true,"href":"https:\/\/www.method-post.com\/fr\/wp-json\/wp\/v2\/comments?post=12"}],"version-history":[{"count":7,"href":"https:\/\/www.method-post.com\/fr\/wp-json\/wp\/v2\/pages\/12\/revisions"}],"predecessor-version":[{"id":45,"href":"https:\/\/www.method-post.com\/fr\/wp-json\/wp\/v2\/pages\/12\/revisions\/45"}],"wp:attachment":[{"href":"https:\/\/www.method-post.com\/fr\/wp-json\/wp\/v2\/media?parent=12"}],"curies":[{"name":"wp","href":"https:\/\/api.w.org\/{rel}","templated":true}]}}