{"id":12,"date":"2025-02-06T05:21:07","date_gmt":"2025-02-06T05:21:07","guid":{"rendered":"https:\/\/www.method-post.com\/pl\/?page_id=12"},"modified":"2026-01-20T02:25:00","modified_gmt":"2026-01-20T02:25:00","slug":"home","status":"publish","type":"page","link":"https:\/\/www.method-post.com\/pl\/home\/","title":{"rendered":"Home"},"content":{"rendered":"\t\t<div data-elementor-type=\"wp-post\" data-elementor-id=\"12\" class=\"elementor elementor-12\">\n\t\t\t\t<div class=\"elementor-element elementor-element-a4c30a1 e-flex e-con-boxed e-con e-parent\" data-id=\"a4c30a1\" data-element_type=\"container\" id=\"homepage\">\n\t\t\t\t\t<div class=\"e-con-inner\">\n\t\t\t\t<div class=\"elementor-element elementor-element-2ddde8a elementor-widget elementor-widget-shortcode\" data-id=\"2ddde8a\" data-element_type=\"widget\" data-widget_type=\"shortcode.default\">\n\t\t\t\t<div class=\"elementor-widget-container\">\n\t\t\t\t\t\t\t<div class=\"elementor-shortcode\"><div class=\"pt-cv-wrapper\"><div class=\"pt-cv-view pt-cv-blockgrid iscvblock iscvhybrid list1 layout1\" id=\"pt-cv-view-e16dc76dy6\"><div data-id=\"pt-cv-page-1\" class=\"pt-cv-page\" data-cvc=\"1\"><div class=\" pt-cv-content-item pt-cv-2-col\" ><h4 class=\"pt-cv-title\"><a href=\"https:\/\/www.method-post.com\/pl\/business-model-canvas-beginners-guide-validate-startup\/\" class=\"_self\" target=\"_self\" >Schemat modelu biznesowego dla pocz\u0105tkuj\u0105cych: Poradnik krok po kroku do weryfikacji pomys\u0142u na startup<\/a><\/h4>\n<div class=\"pt-cv-content\">Uruchamianie nowego przedsi\u0119wzi\u0119cia wi\u0105\u017ce si\u0119 z radzeniem sobie z niepewno\u015bci\u0105. Tradycyjny plan biznesowy, cz\u0119sto dokument o 50 stronach, kt\u00f3ry gromadzi ...<br \/><div class=\"pt-cv-rmwrap\"><a href=\"https:\/\/www.method-post.com\/pl\/business-model-canvas-beginners-guide-validate-startup\/\" class=\"_self pt-cv-readmore btn btn-success\" target=\"_self\">Read More<\/a><\/div><\/div><\/div>\n<div class=\" pt-cv-content-item pt-cv-2-col\" ><h4 class=\"pt-cv-title\"><a href=\"https:\/\/www.method-post.com\/pl\/10-common-mistakes-founders-business-model-canvas\/\" class=\"_self\" target=\"_self\" >10 najcz\u0119stszych b\u0142\u0119d\u00f3w, jakie pope\u0142niaj\u0105 za\u0142o\u017cyciele podczas wype\u0142niania szablonu modelu biznesowego (i jak je naprawi\u0107)<\/a><\/h4>\n<div class=\"pt-cv-content\">Szablon modelu biznesowego (BMC) to szablon zarz\u0105dzania strategicznego u\u017cywany do tworzenia nowych lub dokumentowania istniej\u0105cych modeli biznesowych. Jest to wizualny ...<br \/><div class=\"pt-cv-rmwrap\"><a href=\"https:\/\/www.method-post.com\/pl\/10-common-mistakes-founders-business-model-canvas\/\" class=\"_self pt-cv-readmore btn btn-success\" target=\"_self\">Read More<\/a><\/div><\/div><\/div>\n<div class=\" pt-cv-content-item pt-cv-2-col\" ><h4 class=\"pt-cv-title\"><a href=\"https:\/\/www.method-post.com\/pl\/why-business-model-canvas-fails-debug-guide\/\" class=\"_self\" target=\"_self\" >Dlaczego Tw\u00f3j szablon modelu biznesowego zawodzi i dok\u0142adnie jak go naprawi\u0107: Poradnik rozwi\u0105zywania problem\u00f3w<\/a><\/h4>\n<div class=\"pt-cv-content\">Tworzenie planu biznesowego cz\u0119sto mylone jest z przewidywaniem przysz\u0142o\u015bci. Szablon modelu biznesowego (BMC) to narz\u0119dzie strategicznego zarz\u0105dzania przeznaczone do tworzenia ...<br \/><div class=\"pt-cv-rmwrap\"><a href=\"https:\/\/www.method-post.com\/pl\/why-business-model-canvas-fails-debug-guide\/\" class=\"_self pt-cv-readmore btn btn-success\" target=\"_self\">Read More<\/a><\/div><\/div><\/div>\n<div class=\" pt-cv-content-item pt-cv-2-col\" ><h4 class=\"pt-cv-title\"><a href=\"https:\/\/www.method-post.com\/pl\/myth-busting-revenue-models-business-model-canvas\/\" class=\"_self\" target=\"_self\" >Budowanie modeli przychodowych: Najcz\u0119stsze b\u0142\u0119dy dotycz\u0105ce modelu biznesowego wyja\u015bnione<\/a><\/h4>\n<div class=\"pt-cv-content\">Projektowanie zr\u00f3wnowa\u017conego biznesu wymaga wi\u0119cej ni\u017c tylko \u015bwietnego produktu. Wymaga jasnego zrozumienia, jak warto\u015b\u0107 przekszta\u0142ca si\u0119 w rentowno\u015b\u0107 finansow\u0105. Model ...<br \/><div class=\"pt-cv-rmwrap\"><a href=\"https:\/\/www.method-post.com\/pl\/myth-busting-revenue-models-business-model-canvas\/\" class=\"_self pt-cv-readmore btn btn-success\" target=\"_self\">Read More<\/a><\/div><\/div><\/div>\n<div class=\" pt-cv-content-item pt-cv-2-col\" ><h4 class=\"pt-cv-title\"><a href=\"https:\/\/www.method-post.com\/pl\/ai-saas-business-model-canvas-trends\/\" class=\"_self\" target=\"_self\" >Przysz\u0142a perspektywa: nowe trendy w wykorzystywaniu szablonu modelu biznesowego przez start-upy AI i SaaS<\/a><\/h4>\n<div class=\"pt-cv-content\">Landscape technologicznego przedsi\u0119biorczo\u015bci zmienia si\u0119 niezwykle szybko. Dla za\u0142o\u017cycieli i strateg\u00f3w tradycyjny szablon modelu biznesowego (BMC) nadal stanowi podstawowy narz\u0105d ...<br \/><div class=\"pt-cv-rmwrap\"><a href=\"https:\/\/www.method-post.com\/pl\/ai-saas-business-model-canvas-trends\/\" class=\"_self pt-cv-readmore btn btn-success\" target=\"_self\">Read More<\/a><\/div><\/div><\/div><\/div><\/div>\n<div class=\" pt-cv-pagination-wrapper\"><ul class=\"pt-cv-pagination pt-cv-ajax pagination\" data-totalpages=\"2\" data-currentpage=\"1\" data-sid=\"e16dc76dy6\" data-unid=\"\" data-isblock=\"\" data-postid=\"\"><li class=\"active\"><a href=\"#\">1<\/a><\/li>\n\t<li ><a class=\"\" href=\"https:\/\/www.method-post.com\/pl\/wp-json\/wp\/v2\/pages\/12\/?_page=2\">2<\/a><\/li>\n\t<li ><a class=\" \" href=\"https:\/\/www.method-post.com\/pl\/wp-json\/wp\/v2\/pages\/12\/?_page=2\">&rsaquo;<\/a><\/li>\n\t<\/ul><img decoding=\"async\" width=\"15\" height=\"15\" class=\"pt-cv-spinner\" alt=\"Loading...\" src=\"data:image\/gif;base64,R0lGODlhDwAPALMPAMrKygwMDJOTkz09PZWVla+vr3p6euTk5M7OzuXl5TMzMwAAAJmZmWZmZszMzP\/\/\/yH\/C05FVFNDQVBFMi4wAwEAAAAh+QQFCgAPACwAAAAADwAPAAAEQvDJaZaZOIcV8iQK8VRX4iTYoAwZ4iCYoAjZ4RxejhVNoT+mRGP4cyF4Pp0N98sBGIBMEMOotl6YZ3S61Bmbkm4mAgAh+QQFCgAPACwAAAAADQANAAAENPDJSRSZeA418itN8QiK8BiLITVsFiyBBIoYqnoewAD4xPw9iY4XLGYSjkQR4UAUD45DLwIAIfkEBQoADwAsAAAAAA8ACQAABC\/wyVlamTi3nSdgwFNdhEJgTJoNyoB9ISYoQmdjiZPcj7EYCAeCF1gEDo4Dz2eIAAAh+QQFCgAPACwCAAAADQANAAAEM\/DJBxiYeLKdX3IJZT1FU0iIg2RNKx3OkZVnZ98ToRD4MyiDnkAh6BkNC0MvsAj0kMpHBAAh+QQFCgAPACwGAAAACQAPAAAEMDC59KpFDll73HkAA2wVY5KgiK5b0RRoI6MuzG6EQqCDMlSGheEhUAgqgUUAFRySIgAh+QQFCgAPACwCAAIADQANAAAEM\/DJKZNLND\/kkKaHc3xk+QAMYDKsiaqmZCxGVjSFFCxB1vwy2oOgIDxuucxAMTAJFAJNBAAh+QQFCgAPACwAAAYADwAJAAAEMNAs86q1yaWwwv2Ig0jUZx3OYa4XoRAfwADXoAwfo1+CIjyFRuEho60aSNYlOPxEAAAh+QQFCgAPACwAAAIADQANAAAENPA9s4y8+IUVcqaWJ4qEQozSoAzoIyhCK2NFU2SJk0hNnyEOhKR2AzAAj4Pj4GE4W0bkJQIAOw==\" \/><div class=\"clear pt-cv-clear-pagination\"><\/div><\/div><\/div>\t\t\t<style type=\"text\/css\" id=\"pt-cv-inline-style-943de20n9b\">\n#pt-cv-view-e16dc76dy6 .pt-cv-thumb-wrapper:not(.miniwrap) { width: 20%; }#pt-cv-view-e16dc76dy6 .pt-cv-thumbnail:not(.pt-cv-thumbnailsm) { height: 100%; }#pt-cv-view-e16dc76dy6 > .pt-cv-page {grid-template-columns: repeat(1, 1fr);grid-gap: 15px;}\n@media all and (max-width: 1024px) { \n#pt-cv-view-e16dc76dy6 > .pt-cv-page {grid-template-columns: repeat(1, 1fr);}\n} \n@media all and (max-width: 767px) { \n#pt-cv-view-e16dc76dy6 > .pt-cv-page {grid-template-columns: repeat(1, 1fr);}\n} <\/style>\r\n\t\t\t<\/div>\n\t\t\t\t\t\t<\/div>\n\t\t\t\t<\/div>\n\t\t\t\t\t<\/div>\n\t\t\t\t<\/div>\n\t\t\t\t<\/div>\n\t\t","protected":false},"excerpt":{"rendered":"","protected":false},"author":1,"featured_media":0,"parent":0,"menu_order":0,"comment_status":"closed","ping_status":"closed","template":"","meta":{"_yoast_wpseo_title":"AI IT News, How-To Guides & Learning | %%sitename%%","_yoast_wpseo_metadesc":"Follow AI-focused IT news, practical guides, tutorials, and tech knowledge on %%sitename%%","footnotes":""},"class_list":["post-12","page","type-page","status-publish","hentry"],"yoast_head":"<!-- This site is optimized with the Yoast SEO plugin v27.1.1 - https:\/\/yoast.com\/product\/yoast-seo-wordpress\/ -->\n<title>AI IT News, How-To Guides &amp; Learning | Method Post Polish | Your Daily Guide to AI &amp; Software Solutions<\/title>\n<meta name=\"description\" content=\"Follow AI-focused IT news, practical guides, tutorials, and tech knowledge on Method Post Polish | Your Daily Guide to AI &amp; Software Solutions\" \/>\n<meta name=\"robots\" content=\"index, follow, max-snippet:-1, max-image-preview:large, max-video-preview:-1\" \/>\n<link rel=\"canonical\" href=\"https:\/\/www.method-post.com\/pl\/\" \/>\n<meta property=\"og:locale\" content=\"pl_PL\" \/>\n<meta property=\"og:type\" content=\"article\" \/>\n<meta property=\"og:title\" content=\"AI IT News, How-To Guides &amp; Learning | Method Post Polish | Your Daily Guide to AI &amp; Software Solutions\" \/>\n<meta property=\"og:description\" content=\"Follow AI-focused IT news, practical guides, tutorials, and tech knowledge on Method Post Polish | Your Daily Guide to AI &amp; Software Solutions\" \/>\n<meta property=\"og:url\" content=\"https:\/\/www.method-post.com\/pl\/\" \/>\n<meta property=\"og:site_name\" content=\"Method Post Polish | Your Daily Guide to AI &amp; Software Solutions\" \/>\n<meta property=\"article:modified_time\" content=\"2026-01-20T02:25:00+00:00\" \/>\n<meta name=\"twitter:card\" content=\"summary_large_image\" \/>\n<meta name=\"twitter:label1\" content=\"Szacowany czas czytania\" \/>\n\t<meta name=\"twitter:data1\" content=\"1 minuta\" \/>\n<script type=\"application\/ld+json\" class=\"yoast-schema-graph\">{\"@context\":\"https:\/\/schema.org\",\"@graph\":[{\"@type\":\"WebPage\",\"@id\":\"https:\/\/www.method-post.com\/pl\/\",\"url\":\"https:\/\/www.method-post.com\/pl\/\",\"name\":\"AI IT News, How-To Guides & Learning | Method Post Polish | Your Daily Guide to AI &amp; Software Solutions\",\"isPartOf\":{\"@id\":\"https:\/\/www.method-post.com\/pl\/#website\"},\"datePublished\":\"2025-02-06T05:21:07+00:00\",\"dateModified\":\"2026-01-20T02:25:00+00:00\",\"description\":\"Follow AI-focused IT news, practical guides, tutorials, and tech knowledge on Method Post Polish | Your Daily Guide to AI &amp; Software Solutions\",\"breadcrumb\":{\"@id\":\"https:\/\/www.method-post.com\/pl\/#breadcrumb\"},\"inLanguage\":\"pl-PL\",\"potentialAction\":[{\"@type\":\"ReadAction\",\"target\":[\"https:\/\/www.method-post.com\/pl\/\"]}]},{\"@type\":\"BreadcrumbList\",\"@id\":\"https:\/\/www.method-post.com\/pl\/#breadcrumb\",\"itemListElement\":[{\"@type\":\"ListItem\",\"position\":1,\"name\":\"Home\",\"item\":\"https:\/\/www.method-post.com\/pl\/\"},{\"@type\":\"ListItem\",\"position\":2,\"name\":\"Home\"}]},{\"@type\":\"WebSite\",\"@id\":\"https:\/\/www.method-post.com\/pl\/#website\",\"url\":\"https:\/\/www.method-post.com\/pl\/\",\"name\":\"Method Post Polish | Your Daily Guide to AI &amp; Software Solutions\",\"description\":\"\",\"publisher\":{\"@id\":\"https:\/\/www.method-post.com\/pl\/#organization\"},\"potentialAction\":[{\"@type\":\"SearchAction\",\"target\":{\"@type\":\"EntryPoint\",\"urlTemplate\":\"https:\/\/www.method-post.com\/pl\/?s={search_term_string}\"},\"query-input\":{\"@type\":\"PropertyValueSpecification\",\"valueRequired\":true,\"valueName\":\"search_term_string\"}}],\"inLanguage\":\"pl-PL\"},{\"@type\":\"Organization\",\"@id\":\"https:\/\/www.method-post.com\/pl\/#organization\",\"name\":\"Method Post Polish | Your Daily Guide to AI &amp; Software Solutions\",\"url\":\"https:\/\/www.method-post.com\/pl\/\",\"logo\":{\"@type\":\"ImageObject\",\"inLanguage\":\"pl-PL\",\"@id\":\"https:\/\/www.method-post.com\/pl\/#\/schema\/logo\/image\/\",\"url\":\"https:\/\/www.method-post.com\/pl\/wp-content\/uploads\/sites\/11\/2025\/02\/logo-big.png\",\"contentUrl\":\"https:\/\/www.method-post.com\/pl\/wp-content\/uploads\/sites\/11\/2025\/02\/logo-big.png\",\"width\":117,\"height\":71,\"caption\":\"Method Post Polish | Your Daily Guide to AI &amp; Software Solutions\"},\"image\":{\"@id\":\"https:\/\/www.method-post.com\/pl\/#\/schema\/logo\/image\/\"}}]}<\/script>\n<!-- \/ Yoast SEO plugin. -->","yoast_head_json":{"title":"AI IT News, How-To Guides & Learning | Method Post Polish | Your Daily Guide to AI &amp; Software Solutions","description":"Follow AI-focused IT news, practical guides, tutorials, and tech knowledge on Method Post Polish | Your Daily Guide to AI &amp; Software Solutions","robots":{"index":"index","follow":"follow","max-snippet":"max-snippet:-1","max-image-preview":"max-image-preview:large","max-video-preview":"max-video-preview:-1"},"canonical":"https:\/\/www.method-post.com\/pl\/","og_locale":"pl_PL","og_type":"article","og_title":"AI IT News, How-To Guides & Learning | Method Post Polish | Your Daily Guide to AI &amp; Software Solutions","og_description":"Follow AI-focused IT news, practical guides, tutorials, and tech knowledge on Method Post Polish | Your Daily Guide to AI &amp; Software Solutions","og_url":"https:\/\/www.method-post.com\/pl\/","og_site_name":"Method Post Polish | Your Daily Guide to AI &amp; Software Solutions","article_modified_time":"2026-01-20T02:25:00+00:00","twitter_card":"summary_large_image","twitter_misc":{"Szacowany czas czytania":"1 minuta"},"schema":{"@context":"https:\/\/schema.org","@graph":[{"@type":"WebPage","@id":"https:\/\/www.method-post.com\/pl\/","url":"https:\/\/www.method-post.com\/pl\/","name":"AI IT News, How-To Guides & Learning | Method Post Polish | Your Daily Guide to AI &amp; Software Solutions","isPartOf":{"@id":"https:\/\/www.method-post.com\/pl\/#website"},"datePublished":"2025-02-06T05:21:07+00:00","dateModified":"2026-01-20T02:25:00+00:00","description":"Follow AI-focused IT news, practical guides, tutorials, and tech knowledge on Method Post Polish | Your Daily Guide to AI &amp; Software Solutions","breadcrumb":{"@id":"https:\/\/www.method-post.com\/pl\/#breadcrumb"},"inLanguage":"pl-PL","potentialAction":[{"@type":"ReadAction","target":["https:\/\/www.method-post.com\/pl\/"]}]},{"@type":"BreadcrumbList","@id":"https:\/\/www.method-post.com\/pl\/#breadcrumb","itemListElement":[{"@type":"ListItem","position":1,"name":"Home","item":"https:\/\/www.method-post.com\/pl\/"},{"@type":"ListItem","position":2,"name":"Home"}]},{"@type":"WebSite","@id":"https:\/\/www.method-post.com\/pl\/#website","url":"https:\/\/www.method-post.com\/pl\/","name":"Method Post Polish | Your Daily Guide to AI &amp; Software Solutions","description":"","publisher":{"@id":"https:\/\/www.method-post.com\/pl\/#organization"},"potentialAction":[{"@type":"SearchAction","target":{"@type":"EntryPoint","urlTemplate":"https:\/\/www.method-post.com\/pl\/?s={search_term_string}"},"query-input":{"@type":"PropertyValueSpecification","valueRequired":true,"valueName":"search_term_string"}}],"inLanguage":"pl-PL"},{"@type":"Organization","@id":"https:\/\/www.method-post.com\/pl\/#organization","name":"Method Post Polish | Your Daily Guide to AI &amp; Software Solutions","url":"https:\/\/www.method-post.com\/pl\/","logo":{"@type":"ImageObject","inLanguage":"pl-PL","@id":"https:\/\/www.method-post.com\/pl\/#\/schema\/logo\/image\/","url":"https:\/\/www.method-post.com\/pl\/wp-content\/uploads\/sites\/11\/2025\/02\/logo-big.png","contentUrl":"https:\/\/www.method-post.com\/pl\/wp-content\/uploads\/sites\/11\/2025\/02\/logo-big.png","width":117,"height":71,"caption":"Method Post Polish | Your Daily Guide to AI &amp; Software Solutions"},"image":{"@id":"https:\/\/www.method-post.com\/pl\/#\/schema\/logo\/image\/"}}]}},"_links":{"self":[{"href":"https:\/\/www.method-post.com\/pl\/wp-json\/wp\/v2\/pages\/12","targetHints":{"allow":["GET"]}}],"collection":[{"href":"https:\/\/www.method-post.com\/pl\/wp-json\/wp\/v2\/pages"}],"about":[{"href":"https:\/\/www.method-post.com\/pl\/wp-json\/wp\/v2\/types\/page"}],"author":[{"embeddable":true,"href":"https:\/\/www.method-post.com\/pl\/wp-json\/wp\/v2\/users\/1"}],"replies":[{"embeddable":true,"href":"https:\/\/www.method-post.com\/pl\/wp-json\/wp\/v2\/comments?post=12"}],"version-history":[{"count":7,"href":"https:\/\/www.method-post.com\/pl\/wp-json\/wp\/v2\/pages\/12\/revisions"}],"predecessor-version":[{"id":45,"href":"https:\/\/www.method-post.com\/pl\/wp-json\/wp\/v2\/pages\/12\/revisions\/45"}],"wp:attachment":[{"href":"https:\/\/www.method-post.com\/pl\/wp-json\/wp\/v2\/media?parent=12"}],"curies":[{"name":"wp","href":"https:\/\/api.w.org\/{rel}","templated":true}]}}