{"id":12,"date":"2025-02-06T05:21:07","date_gmt":"2025-02-06T05:21:07","guid":{"rendered":"https:\/\/www.method-post.com\/pt\/?page_id=12"},"modified":"2026-01-20T02:25:00","modified_gmt":"2026-01-20T02:25:00","slug":"home","status":"publish","type":"page","link":"https:\/\/www.method-post.com\/pt\/home\/","title":{"rendered":"Home"},"content":{"rendered":"\t\t<div data-elementor-type=\"wp-post\" data-elementor-id=\"12\" class=\"elementor elementor-12\">\n\t\t\t\t<div class=\"elementor-element elementor-element-a4c30a1 e-flex e-con-boxed e-con e-parent\" data-id=\"a4c30a1\" data-element_type=\"container\" id=\"homepage\">\n\t\t\t\t\t<div class=\"e-con-inner\">\n\t\t\t\t<div class=\"elementor-element elementor-element-2ddde8a elementor-widget elementor-widget-shortcode\" data-id=\"2ddde8a\" data-element_type=\"widget\" data-widget_type=\"shortcode.default\">\n\t\t\t\t<div class=\"elementor-widget-container\">\n\t\t\t\t\t\t\t<div class=\"elementor-shortcode\"><div class=\"pt-cv-wrapper\"><div class=\"pt-cv-view pt-cv-blockgrid iscvblock iscvhybrid list1 layout1\" id=\"pt-cv-view-e16dc76dy6\"><div data-id=\"pt-cv-page-1\" class=\"pt-cv-page\" data-cvc=\"1\"><div class=\" pt-cv-content-item pt-cv-2-col\" ><h4 class=\"pt-cv-title\"><a href=\"https:\/\/www.method-post.com\/pt\/business-model-canvas-beginners-guide-validate-startup\/\" class=\"_self\" target=\"_self\" >O Canvas do Modelo de Neg\u00f3cio para Iniciantes: Um Tutorial Passo a Passo para Validar Sua Ideia de Startup<\/a><\/h4>\n<div class=\"pt-cv-content\">Lan\u00e7ar uma nova empresa envolve navegar pela incerteza. O plano de neg\u00f3cios tradicional, frequentemente um documento de 50 p\u00e1ginas que ...<br \/><div class=\"pt-cv-rmwrap\"><a href=\"https:\/\/www.method-post.com\/pt\/business-model-canvas-beginners-guide-validate-startup\/\" class=\"_self pt-cv-readmore btn btn-success\" target=\"_self\">Read More<\/a><\/div><\/div><\/div>\n<div class=\" pt-cv-content-item pt-cv-2-col\" ><h4 class=\"pt-cv-title\"><a href=\"https:\/\/www.method-post.com\/pt\/stop-guessing-revenue-bmc-guide-tech-startups\/\" class=\"_self\" target=\"_self\" >Pare de adivinhar sua receita: o guia completo do Canvas do Modelo de Neg\u00f3cio para startups de tecnologia<\/a><\/h4>\n<div class=\"pt-cv-content\">Uma das raz\u00f5es mais comuns para o fracasso de startups de tecnologia n\u00e3o \u00e9 a falta de inova\u00e7\u00e3o, mas a ...<br \/><div class=\"pt-cv-rmwrap\"><a href=\"https:\/\/www.method-post.com\/pt\/stop-guessing-revenue-bmc-guide-tech-startups\/\" class=\"_self pt-cv-readmore btn btn-success\" target=\"_self\">Read More<\/a><\/div><\/div><\/div>\n<div class=\" pt-cv-content-item pt-cv-2-col\" ><h4 class=\"pt-cv-title\"><a href=\"https:\/\/www.method-post.com\/pt\/10-common-mistakes-founders-business-model-canvas\/\" class=\"_self\" target=\"_self\" >10 Erros Comuns que Fundadores Cometem ao Preencher o Canvas do Modelo de Neg\u00f3cio (E Como Corrigi-los)<\/a><\/h4>\n<div class=\"pt-cv-content\">O Canvas do Modelo de Neg\u00f3cio (BMC) \u00e9 um modelo de gest\u00e3o estrat\u00e9gica usado para desenvolver novos modelos de neg\u00f3cios ...<br \/><div class=\"pt-cv-rmwrap\"><a href=\"https:\/\/www.method-post.com\/pt\/10-common-mistakes-founders-business-model-canvas\/\" class=\"_self pt-cv-readmore btn btn-success\" target=\"_self\">Read More<\/a><\/div><\/div><\/div>\n<div class=\" pt-cv-content-item pt-cv-2-col\" ><h4 class=\"pt-cv-title\"><a href=\"https:\/\/www.method-post.com\/pt\/why-business-model-canvas-fails-debug-guide\/\" class=\"_self\" target=\"_self\" >Por que o seu Modelo de Neg\u00f3cio Canvas Falha e Exatamente Como Diagnostic\u00e1-lo: Um Manual de Solu\u00e7\u00e3o de Problemas<\/a><\/h4>\n<div class=\"pt-cv-content\">Criar um plano de neg\u00f3cios \u00e9 frequentemente confundido com prever o futuro. O Canvas do Modelo de Neg\u00f3cio (BMC) \u00e9 ...<br \/><div class=\"pt-cv-rmwrap\"><a href=\"https:\/\/www.method-post.com\/pt\/why-business-model-canvas-fails-debug-guide\/\" class=\"_self pt-cv-readmore btn btn-success\" target=\"_self\">Read More<\/a><\/div><\/div><\/div>\n<div class=\" pt-cv-content-item pt-cv-2-col\" ><h4 class=\"pt-cv-title\"><a href=\"https:\/\/www.method-post.com\/pt\/business-model-canvas-overview-guide\/\" class=\"_self\" target=\"_self\" >A Vis\u00e3o Definitiva do Canvas do Modelo de Neg\u00f3cio: Tudo o que Voc\u00ea Precisa Saber Antes de Lan\u00e7ar<\/a><\/h4>\n<div class=\"pt-cv-content\">A base de qualquer empresa sustent\u00e1vel reside na clareza. Antes que um \u00fanico produto seja constru\u00eddo ou um servi\u00e7o seja ...<br \/><div class=\"pt-cv-rmwrap\"><a href=\"https:\/\/www.method-post.com\/pt\/business-model-canvas-overview-guide\/\" class=\"_self pt-cv-readmore btn btn-success\" target=\"_self\">Read More<\/a><\/div><\/div><\/div><\/div><\/div>\n<div class=\" pt-cv-pagination-wrapper\"><ul class=\"pt-cv-pagination pt-cv-ajax pagination\" data-totalpages=\"2\" data-currentpage=\"1\" data-sid=\"e16dc76dy6\" data-unid=\"\" data-isblock=\"\" data-postid=\"\"><li class=\"active\"><a href=\"#\">1<\/a><\/li>\n\t<li ><a class=\"\" href=\"https:\/\/www.method-post.com\/pt\/wp-json\/wp\/v2\/pages\/12\/?_page=2\">2<\/a><\/li>\n\t<li ><a class=\" \" href=\"https:\/\/www.method-post.com\/pt\/wp-json\/wp\/v2\/pages\/12\/?_page=2\">&rsaquo;<\/a><\/li>\n\t<\/ul><img decoding=\"async\" width=\"15\" height=\"15\" class=\"pt-cv-spinner\" alt=\"Loading...\" src=\"data:image\/gif;base64,R0lGODlhDwAPALMPAMrKygwMDJOTkz09PZWVla+vr3p6euTk5M7OzuXl5TMzMwAAAJmZmWZmZszMzP\/\/\/yH\/C05FVFNDQVBFMi4wAwEAAAAh+QQFCgAPACwAAAAADwAPAAAEQvDJaZaZOIcV8iQK8VRX4iTYoAwZ4iCYoAjZ4RxejhVNoT+mRGP4cyF4Pp0N98sBGIBMEMOotl6YZ3S61Bmbkm4mAgAh+QQFCgAPACwAAAAADQANAAAENPDJSRSZeA418itN8QiK8BiLITVsFiyBBIoYqnoewAD4xPw9iY4XLGYSjkQR4UAUD45DLwIAIfkEBQoADwAsAAAAAA8ACQAABC\/wyVlamTi3nSdgwFNdhEJgTJoNyoB9ISYoQmdjiZPcj7EYCAeCF1gEDo4Dz2eIAAAh+QQFCgAPACwCAAAADQANAAAEM\/DJBxiYeLKdX3IJZT1FU0iIg2RNKx3OkZVnZ98ToRD4MyiDnkAh6BkNC0MvsAj0kMpHBAAh+QQFCgAPACwGAAAACQAPAAAEMDC59KpFDll73HkAA2wVY5KgiK5b0RRoI6MuzG6EQqCDMlSGheEhUAgqgUUAFRySIgAh+QQFCgAPACwCAAIADQANAAAEM\/DJKZNLND\/kkKaHc3xk+QAMYDKsiaqmZCxGVjSFFCxB1vwy2oOgIDxuucxAMTAJFAJNBAAh+QQFCgAPACwAAAYADwAJAAAEMNAs86q1yaWwwv2Ig0jUZx3OYa4XoRAfwADXoAwfo1+CIjyFRuEho60aSNYlOPxEAAAh+QQFCgAPACwAAAIADQANAAAENPA9s4y8+IUVcqaWJ4qEQozSoAzoIyhCK2NFU2SJk0hNnyEOhKR2AzAAj4Pj4GE4W0bkJQIAOw==\" \/><div class=\"clear pt-cv-clear-pagination\"><\/div><\/div><\/div>\t\t\t<style type=\"text\/css\" id=\"pt-cv-inline-style-3593fb8l64\">\n#pt-cv-view-e16dc76dy6 .pt-cv-thumb-wrapper:not(.miniwrap) { width: 20%; }#pt-cv-view-e16dc76dy6 .pt-cv-thumbnail:not(.pt-cv-thumbnailsm) { height: 100%; }#pt-cv-view-e16dc76dy6 > .pt-cv-page {grid-template-columns: repeat(1, 1fr);grid-gap: 15px;}\n@media all and (max-width: 1024px) { \n#pt-cv-view-e16dc76dy6 > .pt-cv-page {grid-template-columns: repeat(1, 1fr);}\n} \n@media all and (max-width: 767px) { \n#pt-cv-view-e16dc76dy6 > .pt-cv-page {grid-template-columns: repeat(1, 1fr);}\n} <\/style>\r\n\t\t\t<\/div>\n\t\t\t\t\t\t<\/div>\n\t\t\t\t<\/div>\n\t\t\t\t\t<\/div>\n\t\t\t\t<\/div>\n\t\t\t\t<\/div>\n\t\t","protected":false},"excerpt":{"rendered":"","protected":false},"author":1,"featured_media":0,"parent":0,"menu_order":0,"comment_status":"closed","ping_status":"closed","template":"","meta":{"_yoast_wpseo_title":"AI IT News, How-To Guides & Learning | %%sitename%%","_yoast_wpseo_metadesc":"Follow AI-focused IT news, practical guides, tutorials, and tech knowledge on %%sitename%%","footnotes":""},"class_list":["post-12","page","type-page","status-publish","hentry"],"yoast_head":"<!-- This site is optimized with the Yoast SEO plugin v27.1.1 - https:\/\/yoast.com\/product\/yoast-seo-wordpress\/ -->\n<title>AI IT News, How-To Guides &amp; Learning | Method Post Portuguese | Your Daily Guide to AI &amp; Software Solutions<\/title>\n<meta name=\"description\" content=\"Follow AI-focused IT news, practical guides, tutorials, and tech knowledge on Method Post Portuguese | Your Daily Guide to AI &amp; Software Solutions\" \/>\n<meta name=\"robots\" content=\"index, follow, max-snippet:-1, max-image-preview:large, max-video-preview:-1\" \/>\n<link rel=\"canonical\" href=\"https:\/\/www.method-post.com\/pt\/\" \/>\n<meta property=\"og:locale\" content=\"pt_PT\" \/>\n<meta property=\"og:type\" content=\"article\" \/>\n<meta property=\"og:title\" content=\"AI IT News, How-To Guides &amp; Learning | Method Post Portuguese | Your Daily Guide to AI &amp; Software Solutions\" \/>\n<meta property=\"og:description\" content=\"Follow AI-focused IT news, practical guides, tutorials, and tech knowledge on Method Post Portuguese | Your Daily Guide to AI &amp; Software Solutions\" \/>\n<meta property=\"og:url\" content=\"https:\/\/www.method-post.com\/pt\/\" \/>\n<meta property=\"og:site_name\" content=\"Method Post Portuguese | Your Daily Guide to AI &amp; Software Solutions\" \/>\n<meta property=\"article:modified_time\" content=\"2026-01-20T02:25:00+00:00\" \/>\n<meta name=\"twitter:card\" content=\"summary_large_image\" \/>\n<meta name=\"twitter:label1\" content=\"Tempo estimado de leitura\" \/>\n\t<meta name=\"twitter:data1\" content=\"1 minuto\" \/>\n<script type=\"application\/ld+json\" class=\"yoast-schema-graph\">{\"@context\":\"https:\/\/schema.org\",\"@graph\":[{\"@type\":\"WebPage\",\"@id\":\"https:\/\/www.method-post.com\/pt\/\",\"url\":\"https:\/\/www.method-post.com\/pt\/\",\"name\":\"AI IT News, How-To Guides & Learning | Method Post Portuguese | Your Daily Guide to AI &amp; Software Solutions\",\"isPartOf\":{\"@id\":\"https:\/\/www.method-post.com\/pt\/#website\"},\"datePublished\":\"2025-02-06T05:21:07+00:00\",\"dateModified\":\"2026-01-20T02:25:00+00:00\",\"description\":\"Follow AI-focused IT news, practical guides, tutorials, and tech knowledge on Method Post Portuguese | Your Daily Guide to AI &amp; Software Solutions\",\"breadcrumb\":{\"@id\":\"https:\/\/www.method-post.com\/pt\/#breadcrumb\"},\"inLanguage\":\"pt-PT\",\"potentialAction\":[{\"@type\":\"ReadAction\",\"target\":[\"https:\/\/www.method-post.com\/pt\/\"]}]},{\"@type\":\"BreadcrumbList\",\"@id\":\"https:\/\/www.method-post.com\/pt\/#breadcrumb\",\"itemListElement\":[{\"@type\":\"ListItem\",\"position\":1,\"name\":\"Home\",\"item\":\"https:\/\/www.method-post.com\/pt\/\"},{\"@type\":\"ListItem\",\"position\":2,\"name\":\"Home\"}]},{\"@type\":\"WebSite\",\"@id\":\"https:\/\/www.method-post.com\/pt\/#website\",\"url\":\"https:\/\/www.method-post.com\/pt\/\",\"name\":\"Method Post Portuguese | Your Daily Guide to AI &amp; Software Solutions\",\"description\":\"\",\"publisher\":{\"@id\":\"https:\/\/www.method-post.com\/pt\/#organization\"},\"potentialAction\":[{\"@type\":\"SearchAction\",\"target\":{\"@type\":\"EntryPoint\",\"urlTemplate\":\"https:\/\/www.method-post.com\/pt\/?s={search_term_string}\"},\"query-input\":{\"@type\":\"PropertyValueSpecification\",\"valueRequired\":true,\"valueName\":\"search_term_string\"}}],\"inLanguage\":\"pt-PT\"},{\"@type\":\"Organization\",\"@id\":\"https:\/\/www.method-post.com\/pt\/#organization\",\"name\":\"Method Post Portuguese | Your Daily Guide to AI &amp; Software Solutions\",\"url\":\"https:\/\/www.method-post.com\/pt\/\",\"logo\":{\"@type\":\"ImageObject\",\"inLanguage\":\"pt-PT\",\"@id\":\"https:\/\/www.method-post.com\/pt\/#\/schema\/logo\/image\/\",\"url\":\"https:\/\/www.method-post.com\/pt\/wp-content\/uploads\/sites\/8\/2025\/02\/logo-big.png\",\"contentUrl\":\"https:\/\/www.method-post.com\/pt\/wp-content\/uploads\/sites\/8\/2025\/02\/logo-big.png\",\"width\":117,\"height\":71,\"caption\":\"Method Post Portuguese | Your Daily Guide to AI &amp; Software Solutions\"},\"image\":{\"@id\":\"https:\/\/www.method-post.com\/pt\/#\/schema\/logo\/image\/\"}}]}<\/script>\n<!-- \/ Yoast SEO plugin. -->","yoast_head_json":{"title":"AI IT News, How-To Guides & Learning | Method Post Portuguese | Your Daily Guide to AI &amp; Software Solutions","description":"Follow AI-focused IT news, practical guides, tutorials, and tech knowledge on Method Post Portuguese | Your Daily Guide to AI &amp; Software Solutions","robots":{"index":"index","follow":"follow","max-snippet":"max-snippet:-1","max-image-preview":"max-image-preview:large","max-video-preview":"max-video-preview:-1"},"canonical":"https:\/\/www.method-post.com\/pt\/","og_locale":"pt_PT","og_type":"article","og_title":"AI IT News, How-To Guides & Learning | Method Post Portuguese | Your Daily Guide to AI &amp; Software Solutions","og_description":"Follow AI-focused IT news, practical guides, tutorials, and tech knowledge on Method Post Portuguese | Your Daily Guide to AI &amp; Software Solutions","og_url":"https:\/\/www.method-post.com\/pt\/","og_site_name":"Method Post Portuguese | Your Daily Guide to AI &amp; Software Solutions","article_modified_time":"2026-01-20T02:25:00+00:00","twitter_card":"summary_large_image","twitter_misc":{"Tempo estimado de leitura":"1 minuto"},"schema":{"@context":"https:\/\/schema.org","@graph":[{"@type":"WebPage","@id":"https:\/\/www.method-post.com\/pt\/","url":"https:\/\/www.method-post.com\/pt\/","name":"AI IT News, How-To Guides & Learning | Method Post Portuguese | Your Daily Guide to AI &amp; Software Solutions","isPartOf":{"@id":"https:\/\/www.method-post.com\/pt\/#website"},"datePublished":"2025-02-06T05:21:07+00:00","dateModified":"2026-01-20T02:25:00+00:00","description":"Follow AI-focused IT news, practical guides, tutorials, and tech knowledge on Method Post Portuguese | Your Daily Guide to AI &amp; Software Solutions","breadcrumb":{"@id":"https:\/\/www.method-post.com\/pt\/#breadcrumb"},"inLanguage":"pt-PT","potentialAction":[{"@type":"ReadAction","target":["https:\/\/www.method-post.com\/pt\/"]}]},{"@type":"BreadcrumbList","@id":"https:\/\/www.method-post.com\/pt\/#breadcrumb","itemListElement":[{"@type":"ListItem","position":1,"name":"Home","item":"https:\/\/www.method-post.com\/pt\/"},{"@type":"ListItem","position":2,"name":"Home"}]},{"@type":"WebSite","@id":"https:\/\/www.method-post.com\/pt\/#website","url":"https:\/\/www.method-post.com\/pt\/","name":"Method Post Portuguese | Your Daily Guide to AI &amp; Software Solutions","description":"","publisher":{"@id":"https:\/\/www.method-post.com\/pt\/#organization"},"potentialAction":[{"@type":"SearchAction","target":{"@type":"EntryPoint","urlTemplate":"https:\/\/www.method-post.com\/pt\/?s={search_term_string}"},"query-input":{"@type":"PropertyValueSpecification","valueRequired":true,"valueName":"search_term_string"}}],"inLanguage":"pt-PT"},{"@type":"Organization","@id":"https:\/\/www.method-post.com\/pt\/#organization","name":"Method Post Portuguese | Your Daily Guide to AI &amp; Software Solutions","url":"https:\/\/www.method-post.com\/pt\/","logo":{"@type":"ImageObject","inLanguage":"pt-PT","@id":"https:\/\/www.method-post.com\/pt\/#\/schema\/logo\/image\/","url":"https:\/\/www.method-post.com\/pt\/wp-content\/uploads\/sites\/8\/2025\/02\/logo-big.png","contentUrl":"https:\/\/www.method-post.com\/pt\/wp-content\/uploads\/sites\/8\/2025\/02\/logo-big.png","width":117,"height":71,"caption":"Method Post Portuguese | Your Daily Guide to AI &amp; Software Solutions"},"image":{"@id":"https:\/\/www.method-post.com\/pt\/#\/schema\/logo\/image\/"}}]}},"_links":{"self":[{"href":"https:\/\/www.method-post.com\/pt\/wp-json\/wp\/v2\/pages\/12","targetHints":{"allow":["GET"]}}],"collection":[{"href":"https:\/\/www.method-post.com\/pt\/wp-json\/wp\/v2\/pages"}],"about":[{"href":"https:\/\/www.method-post.com\/pt\/wp-json\/wp\/v2\/types\/page"}],"author":[{"embeddable":true,"href":"https:\/\/www.method-post.com\/pt\/wp-json\/wp\/v2\/users\/1"}],"replies":[{"embeddable":true,"href":"https:\/\/www.method-post.com\/pt\/wp-json\/wp\/v2\/comments?post=12"}],"version-history":[{"count":7,"href":"https:\/\/www.method-post.com\/pt\/wp-json\/wp\/v2\/pages\/12\/revisions"}],"predecessor-version":[{"id":45,"href":"https:\/\/www.method-post.com\/pt\/wp-json\/wp\/v2\/pages\/12\/revisions\/45"}],"wp:attachment":[{"href":"https:\/\/www.method-post.com\/pt\/wp-json\/wp\/v2\/media?parent=12"}],"curies":[{"name":"wp","href":"https:\/\/api.w.org\/{rel}","templated":true}]}}